{"id":2229,"date":"2018-11-07T11:05:17","date_gmt":"2018-11-07T10:05:17","guid":{"rendered":"https:\/\/www.overkiz.com\/conditions-dutilisation\/"},"modified":"2024-10-25T14:30:49","modified_gmt":"2024-10-25T12:30:49","slug":"rechtliche-informationen","status":"publish","type":"page","link":"https:\/\/www.overkiz.com\/de\/rechtliche-informationen\/","title":{"rendered":"Rechtliche Informationen"},"content":{"rendered":"<h2 style=\"text-align: justify;\"><strong>Rechtliche Informationen zu Overkiz<\/strong><\/h2>\n<p style=\"text-align: justify;\">Wir, OVERKIZ SAS, mit Sitz in 2a rue du Pr\u00e9 Faucon, 74940 Annecy, Frankreich, mit einem Kapital von 2.576.600 Euro, registriert unter der Nummer 501 097 760, sind die Eigent\u00fcmer dieser Website.<\/p>\n<p style=\"text-align: justify;\">OVERKIZ SAS ist ein Unternehmen der SOMFY Gruppe. Umsatzsteuer-Identifikationsnummer: FR 25303970230.<\/p>\n<p style=\"text-align: justify;\">Der Ver\u00f6ffentlichungsleiter dieser Website ist\u00a0<strong>Jasna Musanovic<\/strong>\u00a0(Marketing und Communication Manager).<br \/>\nWenn Sie Anmerkungen zur Website selbst haben, kontaktieren Sie bitte den Ver\u00f6ffentlichungsleiter unter:\u00a0<a href=\"mailto:info@overkiz.com\">info@overkiz.com<\/a>. Verwenden Sie hierzu den Direktlink im Abschnitt\u00a0<a href=\"https:\/\/www.overkiz.com\/de\/kontakt\/\">&#8222;Kontaktieren Sie uns&#8220;<\/a>\u00a0.<br \/>\nDiese Website wird von OVH (2 Rue Kellermann, 59100 Roubaix) gehostet.<br \/>\nTelefon:<strong> (+33)<\/strong> <strong>899 701 761<\/strong><\/p>\n<h2 style=\"text-align: justify;\"><strong>Nutzung und Zielgruppe<\/strong><\/h2>\n<p style=\"text-align: justify;\">Diese Website richtet sich an alle Personen weltweit, die allgemeine und institutionelle Informationen \u00fcber OVERKIZ erhalten m\u00f6chten. Die auf dieser Website pr\u00e4sentierten Produkte oder Dienstleistungen sind unter Umst\u00e4nden nicht in allen L\u00e4ndern verf\u00fcgbar.<br \/>\nDurch die Nutzung unserer Website best\u00e4tigt der Internetnutzer, dass er die vorliegenden rechtlichen Informationen und Nutzungsbedingungen zur Kenntnis genommen hat, sie akzeptiert und einh\u00e4lt.<\/p>\n<p style=\"text-align: justify;\">In keinem Fall kann SOMFY f\u00fcr direkte oder indirekte Sch\u00e4den haftbar gemacht werden, welche sich aus dem Zugriff auf die Website oder der Nutzung der darin enthaltenen Informationen ergeben k\u00f6nnten (z.\u00a0B. Fehler, Auslassungen, Nichterreichbarkeit der Seite, Datenverlust, Besch\u00e4digung, Zerst\u00f6rung oder Viren, welche die Computerausr\u00fcstung des Nutzers beeintr\u00e4chtigen k\u00f6nnten). Demzufolge erkennt der Nutzer an, dass er diese Informationen unter seiner alleinigen Verantwortung nutzt, und er ist angehalten, alle erforderlichen \u00dcberpr\u00fcfungen vorzunehmen.<\/p>\n<h2 style=\"text-align: justify;\"><strong>Aktualisierung der Overkiz Website<\/strong><\/h2>\n<p style=\"text-align: justify;\">Wir k\u00f6nnen diese Website sowie diese Nutzungsbedingungen von Zeit zu Zeit aktualisieren. Daher sollten Sie Letztere bei jedem Besuch der Overkiz Website lesen. Die Informationen zu Produkten und Dienstleistungen sind m\u00f6glicherweise nicht f\u00fcr jedes Produkt, jede Dienstleistung und jedes Land genau, vollst\u00e4ndig, zuverl\u00e4ssig, fehlerfrei und auf dem neuesten Stand (insbesondere zum Zeitpunkt der letzten Aktualisierung).<br \/>\nWir empfehlen Ihnen, die Angaben durch Kontaktaufnahme mit dem OVERKIZ Team zu \u00fcberpr\u00fcfen. Verwenden Sie daf\u00fcr den direkten Link im Abschnitt\u00a0<a href=\"https:\/\/www.overkiz.com\/de\/kontakt\/\">&#8222;Kontaktieren Sie uns&#8220;<\/a>.<\/p>\n<h2 style=\"text-align: justify;\"><strong>Verf\u00fcgbarkeit des Inhalts<\/strong><\/h2>\n<p style=\"text-align: justify;\">OVERKIZ ist nach besten Kr\u00e4ften bem\u00fcht, dem Nutzer beim Browsen auf unserer Website eine maximale Sicherheit zu gew\u00e4hrleisten, garantiert jedoch nicht die st\u00e4ndige Verf\u00fcgbarkeit der Website oder deren Inhalt.<br \/>\nWir k\u00f6nnen den Zugang auf einen Teil unserer Website ohne vorherige Ank\u00fcndigung einschr\u00e4nken, aussetzen sowie ganz oder teilweise \u00e4ndern.<br \/>\nDar\u00fcber hinaus wird OVERKIZ nach besten Kr\u00e4ften versuchen, den Nutzern der Website die gr\u00f6\u00dftm\u00f6gliche Sicherheit zu garantieren. OVERKIZ lehnt jedoch jegliche Verantwortung in den folgenden Situationen ab:<\/p>\n<ul style=\"text-align: justify;\">\n<li>Vor\u00fcbergehende Nichterreichbarkeit der Website aufgrund von technischen Wartungsarbeiten oder der Aktualisierung bereits ver\u00f6ffentlichter Inhalte;<\/li>\n<li>Angriff auf die Website durch einen Virus oder durch eine Drittpartei, einschlie\u00dflich aller m\u00f6glichen Folgen;<\/li>\n<li>Anormale oder unerlaubte Nutzung der Website. In diesem Fall ist der Nutzer allein verantwortlich f\u00fcr Sch\u00e4digungen Dritter sowie f\u00fcr etwaige sich daraus ergebende Folgen von Klagen oder Anspr\u00fcchen.<\/li>\n<\/ul>\n<p style=\"text-align: justify;\">Die Angaben auf dieser Website dienen ausschlie\u00dflich Informations- und Orientierungszwecken, und OVERKIZ \u00fcbernimmt keinerlei Verantwortung f\u00fcr deren Genauigkeit.<\/p>\n<h2 style=\"text-align: justify;\"><strong>Online-Leistungen<\/strong><\/h2>\n<p style=\"text-align: justify;\">OVERKIZ kann Online-Leistungen anbieten, die mit eingeschr\u00e4nktem Zugang (d.\u00a0h. nach Eingabe von Anmeldedaten) zur Verf\u00fcgung gestellt werden, z.\u00a0B. die Online-\u00d6ffnung von APIs.<br \/>\nWir k\u00f6nnen Sie auffordern sich anzumelden, bevor wir derartige Online-Leistungen bereitstellen. Bei der Anmeldung m\u00fcssen Sie wie verlangt wahre und genaue Angaben machen.<br \/>\nSie d\u00fcrfen Ihre Anmeldedaten nicht an Dritte weitergeben und m\u00fcssen sie als pers\u00f6nlich und vertraulich behandeln. Wenn Sie den Verdacht haben, dass ein Dritter diese kennt und\/oder benutzt, m\u00fcssen Sie uns dies unverz\u00fcglich mitteilen.<\/p>\n<p style=\"text-align: justify;\">Overkiz ist bem\u00fcht, m\u00f6glichst eindeutige Informationen zur angemessenen Nutzung dieser Leistungen (einschlie\u00dflich dem Nutzungsrahmen) und ggf. zu den entstehenden Risiken bereitzustellen. Beachten Sie jedoch bitte, dass es Overkiz hinsichtlich der bereitgestellten Ressourcen unm\u00f6glich ist, jede Nutzung der Online-Leistungen zu \u00fcberpr\u00fcfen, zu \u00fcberwachen oder zu moderieren.<\/p>\n<p style=\"text-align: justify;\">Derartige Leistungen werden professionellen Anwendern mit einem gewissen Grad an IT-Kompetenz und entsprechenden Kenntnissen zur Verf\u00fcgung gestellt. Wenn Sie diese Leistungen nutzen, m\u00fcssen Sie die zugeh\u00f6rigen Nutzungsbedingungen vollst\u00e4ndig akzeptieren und einhalten. Sollte ein Missbrauch festgestellt werden, kann OVERKIZ ansonsten die Nutzung dieses Teils der Website aussetzen oder sperren.<\/p>\n<h2 style=\"text-align: justify;\"><strong>Urheberrechte<\/strong><\/h2>\n<p style=\"text-align: justify;\">Diese Website sowie die deren Inhalte (einschlie\u00dflich Fotos, Illustrationen usw.) sind urheberrechtlich gesch\u00fctzt. Alle Rechte sind daher vorbehalten. Eine fehlende Zuordnung derartiger Kennzeichnungen zu ihren Eigent\u00fcmern auf dieser Website darf nicht als Geltendmachung von Rechten unsererseits ausgelegt werden.<\/p>\n<p style=\"text-align: justify;\">Diese Website ist das Ergebnis der Zusammenarbeit von HD COMMUNICATION SARL (Gesellschaft mit einem Kapital von 120.000 Euro \u2013 9 Rue des Bois, 60153 RETHONDES, Frankreich \u2013 Handelsregister COMPIEGNE, Nummer 478 708 969) und OVERKIZ.<\/p>\n<p style=\"text-align: justify;\">Informationen, die nicht in einer &#8222;Download-Datei&#8220; enthalten sind, d\u00fcrfen weder ganz noch teilweise in irgendeiner Form ausgedruckt oder vervielf\u00e4ltigt werden. Die Informationen, die in Download-Dateien enthalten sind, d\u00fcrfen f\u00fcr den pers\u00f6nlichen, privaten, nicht-kommerziellen Gebrauch zu Informationszwecken ausgedruckt oder heruntergeladen werden. Sie sind nicht dazu bestimmt, an Kunden weitergegeben oder diesen gezeigt zu werden und d\u00fcrfen nicht weiterverbreitet werden.<\/p>\n<p style=\"text-align: justify;\">Jede Kopie derartiger Informationen muss alle unsere Urheberrechts- und Eigentumsvermerke enthalten.<br \/>\nSie sind nicht befugt, diese Informationen zu ver\u00e4ndern. Als Ausnahme zu dieser Regelung sind Sie befugt, Sie diese Informationen f\u00fcr Ihre Teams zu \u00fcbersetzen. In diesem Fall sind Sie selbst f\u00fcr die \u00dcbersetzungen verantwortlich.<br \/>\nWir behalten uns das Recht vor, eine solche Autorisierung jederzeit zur\u00fcckzunehmen, nachdem wir zuvor eine entsprechende Benachrichtigung entweder pers\u00f6nlich verschickt oder auf dieser Website bekanntgegeben haben. Jedwede Nutzung ist daraufhin unverz\u00fcglich zu beenden.<\/p>\n<h2 style=\"text-align: justify;\"><strong>Markenzeichen<\/strong><\/h2>\n<p style=\"text-align: justify;\">OVERKIZ Markenzeichen sowie alle bildlichen oder nicht bildlichen Marken und \u2013 allgemeiner \u2013 alle anderen auf dieser Website erw\u00e4hnten Markenzeichen, Illustrationen, Bilder und Logos \u2013 ob eingetragen oder nicht \u2013 sind und bleiben das ausschlie\u00dfliche Eigentum von OVERKIZ SAS oder seiner Partner in der Welt oder werden mit der Zustimmung ihrer Eigent\u00fcmer reproduziert.<\/p>\n<p style=\"text-align: justify;\">Die vollst\u00e4ndige oder teilweise Nachbildung, Modifizierung oder Verwendung dieser Markenzeichen, Illustrationen, Bilder und Logos egal aus welchem Grund und egal auf welchem Medium ist ohne ausdr\u00fcckliche vorherige Genehmigung von OVERKIZ SAS oder dem Inhaber der Markenzeichen strikt untersagt, au\u00dfer um entsprechend dem nachstehenden Absatz einen Hypertext-Link zu unserer Website zu erstellen.<\/p>\n<p style=\"text-align: justify;\">Der Zugriff auf die Website sowie deren Nutzung gew\u00e4hrt keinerlei Rechte auf Markenzeichen oder andere darin enthaltene Illustrationen, Bilder oder Logos.<\/p>\n<h2 style=\"text-align: justify;\"><strong>Sonstige geistige Eigentumsrechte<\/strong><\/h2>\n<p style=\"text-align: justify;\">Alle auf dieser Website beschriebenen Produkte, Verfahren oder Technologien k\u00f6nnen Gegenstand sonstiger geistiger Eigentumsrechte sein, die uns selbst oder Drittparteien vorbehalten sind.<br \/>\nDaher wird keine Freigabe zur Nutzung dieser geistigen Eigentumsrechte erteilt.<\/p>\n<h2 style=\"text-align: justify;\"><strong>Hyperlinks<\/strong><\/h2>\n<ol style=\"text-align: justify;\">\n<li>Von uns eingesetzte Links:<\/li>\n<\/ol>\n<p style=\"text-align: justify;\">F\u00fcr mehr Benutzerfreundlichkeit stellen wir Hyperlinks zu verschiedenen anderen Websites zur Verf\u00fcgung. Wir repr\u00e4sentieren oder kontrollieren diese Websites jedoch nicht und sind nicht f\u00fcr deren Inhalt verantwortlich. Wir bitten Sie, alle Nutzungsbedingungen der Websites von Drittparteien einzuhalten, auf die Sie \u00fcber diese Website zugreifen.<\/p>\n<ol style=\"text-align: justify;\" start=\"2\">\n<li>Von Ihnen eingesetzte Links:<\/li>\n<\/ol>\n<p style=\"text-align: justify;\">Um einen Link auf unserer Website einzusetzen, ben\u00f6tigen Sie unsere vorherige schriftliche Genehmigung, au\u00dfer unter den folgenden kumulativen Bedingungen:<\/p>\n<ul style=\"text-align: justify;\">\n<li>Sie sind Kunde von OVERKIZ oder einer der Organisationen der SOMFY Gruppe.<\/li>\n<li>Sie benutzen den Link angemessen, was insbesondere bedeutet, keine Verwirrung hinsichtlich Ihrer Beziehung zu uns zu schaffen.<\/li>\n<li>Sie stellen einen Link zur Startseite unserer Website her, sorgen daf\u00fcr, dass keine Unklarheiten hinsichtlich Art und Eigent\u00fcmerschaft der Website bestehen, verlinken jedoch keinesfalls auf eine andere Seite unserer Website oder bilden einen Teil unserer Website nach.<\/li>\n<li>Sie reproduzieren und respektieren die Nutzungsbedingungen in Bezug auf das OVERKIZ Logo entsprechend der Beschreibung in der Grafikvorgabe (bitten Sie Ihre Overkiz Kontaktperson um ein Exemplar dieser Vorgabe) in denselben Abmessungen, um den Link herzustellen.<\/li>\n<li>Sie teilen unserem Ver\u00f6ffentlichungsleiter die Verwendung eines Links innerhalb von 5 Arbeitstagen nach seiner Erstellung schriftlich per E-Mail an\u00a0<a href=\"mailto:info@overkiz.com\"><strong>info@overkiz.com<\/strong><\/a> mit.<\/li>\n<\/ul>\n<p style=\"text-align: justify;\">Wir behalten uns das Recht vor, die sofortige L\u00f6schung eines Links zu verlangen, wenn wir unsere Interessen gef\u00e4hrdet sehen.<\/p>\n<h2 style=\"text-align: justify;\"><strong>Haftbarkeit<\/strong><\/h2>\n<ol style=\"text-align: justify;\">\n<li>WIR BEM\u00dcHEN UNS NACH BESTEN KR\u00c4FTEN, IHNEN GENAUE, VOLLST\u00c4NDIGE UND AKTUELLE INFORMATIONEN ZU BIETEN. OVERKIZ GIBT JEDOCH KEINE GARANTIE ZU DEN AUF DIESER WEBSITE ENTHALTENEN ANGABEN, SOWEIT DIES NACH ANWENDBAREM RECHT ZUL\u00c4SSIG IST.<\/li>\n<li>SOWEIT NACH ANWENDBAREM RECHT ZUL\u00c4SSIG, IST OVERKIZ NICHT HAFTBAR F\u00dcR VERLUSTE ODER SCH\u00c4DEN AUFGRUND EINES VIRUSANGRIFFS ODER TECHNOLOGISCH SCH\u00c4DLICHEN MATERIALS, DAS IHRE IT-AUSR\u00dcSTUNG INFIZIEREN K\u00d6NNTE. DIE HAFTUNG VON OVERKIZ F\u00dcR TOD ODER VERLETZUNGEN, DIE AUF FAHRL\u00c4SSIGKEIT SEITENS OVERKIZ ZUR\u00dcCKZUF\u00dcHREN SIND SOWIE DIE HAFTUNG VON OVERKIZ F\u00dcR BETRUG BLEIBEN DAVON UNBER\u00dcHRT.<\/li>\n<li>Wir k\u00f6nnen nicht garantieren, dass die Informationen auf dieser Website mit den geltenden Gesetzen Ihres Landes in Einklang stehen. Sie greifen auf diese Website aus eigener Initiative zu und sind f\u00fcr die Einhaltung aller Gesetze der \u00f6ffentlichen Ordnung Ihres Landes verantwortlich.<\/li>\n<li>Wir empfehlen Ihnen, alle Informationen auf der Website zu \u00fcberpr\u00fcfen. Bitte wenden Sie sich hierzu an das OVERKIZ Team.<\/li>\n<li>IHR ZUGRIFF AUF DIESE WEBSITE UND DEREN INHALT SOWIE DIE NUTZUNG ERFOLGEN AUF EIGENES RISIKO. INSBESONDERE LIEGT ES IN IHRER EIGENEN VERANTWORTUNG, SICH VOR VIREN ODER ANDEREN ZERST\u00d6RERISCHEN ODER SCH\u00c4DLICHEN ELEMENTEN ZU SCH\u00dcTZEN.<\/li>\n<\/ol>\n<h2 style=\"text-align: justify;\"><strong>Allgemeines<\/strong><\/h2>\n<p style=\"text-align: justify;\">Das Vers\u00e4umnis seitens OVERKIZ, die strenge Ausf\u00fchrung aller Vorkehrungen dieser Nutzungsbedingungen zu verlangen oder durchzusetzen, oder das Vers\u00e4umnis, sich aus diesen Bestimmungen ableitende Rechte auszu\u00fcben, kann nicht als Rechtsverzicht seitens OVERKIZ ausgelegt werden.<\/p>\n<p style=\"text-align: justify;\">Wenn von einem zust\u00e4ndigen Gericht befunden wird, dass diese Nutzungsbedingungen nicht durchsetzbar sind, werden die betreffenden Verf\u00fcgungen nur in dem Ma\u00dfe einer solchen Nichtdurchsetzbarkeit unwirksam, und die verbleibenden Bestimmungen behalten ihre volle Rechtskraft und Rechtswirkung.<\/p>\n<p style=\"text-align: justify;\">Wenn Sie im Sinne des anwendbaren Rechts als &#8222;Verbraucher&#8220; (o.\u00a0\u00c4.) gelten, werden Ihre gesetzlichen Rechte von diesen Bestimmungen nicht ber\u00fchrt.<\/p>\n<h2 style=\"text-align: justify;\"><strong>Geltendes Recht und Gerichtsstand<\/strong><\/h2>\n<p style=\"text-align: justify;\">Im Fall eines Konflikts, der aus Ihrem Zugriff auf diese Website oder ihrer Nutzung entsteht, gelten franz\u00f6sisches Recht und die ausschlie\u00dfliche Gerichtsbarkeit der Gerichtsh\u00f6fe von Annecy (74), ohne Ber\u00fccksichtigung der Prinzipien von Gesetzeskonflikten, mit Ausnahme zwingender gesetzlicher Bestimmungen.<\/p>\n<h2 style=\"text-align: justify;\"><strong>Datenschutz<\/strong><\/h2>\n<p style=\"text-align: justify;\">F\u00fcr Informationen zu den Datenschutzpraktiken von OVERKIZ lesen Sie sich bitte unsere Datenschutzrichtlinie durch, die ebenfalls die Nutzungsbedingungen regelt.<\/p>\n","protected":false},"excerpt":{"rendered":"<p>Rechtliche Informationen zu Overkiz Wir, OVERKIZ SAS, mit Sitz in 2a rue du Pr\u00e9 Faucon, 74940 Annecy, Frankreich, mit einem Kapital von 2.576.600 Euro, registriert unter der Nummer 501 097 760, sind die Eigent\u00fcmer dieser Website. OVERKIZ SAS ist ein<\/p>\n","protected":false},"author":3,"featured_media":0,"parent":0,"menu_order":0,"comment_status":"closed","ping_status":"closed","template":"","meta":{"_acf_changed":false,"footnotes":""},"class_list":["post-2229","page","type-page","status-publish","hentry"],"acf":[],"yoast_head":"<!-- This site is optimized with the Yoast SEO plugin v25.1 - https:\/\/yoast.com\/wordpress\/plugins\/seo\/ -->\n<title>Rechtliche Informationen - Overkiz<\/title>\n<meta name=\"robots\" content=\"index, follow, max-snippet:-1, max-image-preview:large, max-video-preview:-1\" \/>\n<link rel=\"canonical\" href=\"https:\/\/www.overkiz.com\/de\/rechtliche-informationen\/\" \/>\n<meta property=\"og:locale\" content=\"de_DE\" \/>\n<meta property=\"og:type\" content=\"article\" \/>\n<meta property=\"og:title\" content=\"Rechtliche Informationen - Overkiz\" \/>\n<meta property=\"og:description\" content=\"Rechtliche Informationen zu Overkiz Wir, OVERKIZ SAS, mit Sitz in 2a rue du Pr\u00e9 Faucon, 74940 Annecy, Frankreich, mit einem Kapital von 2.576.600 Euro, registriert unter der Nummer 501 097 760, sind die Eigent\u00fcmer dieser Website. OVERKIZ SAS ist ein\" \/>\n<meta property=\"og:url\" content=\"https:\/\/www.overkiz.com\/de\/rechtliche-informationen\/\" \/>\n<meta property=\"og:site_name\" content=\"Overkiz\" \/>\n<meta property=\"article:modified_time\" content=\"2024-10-25T12:30:49+00:00\" \/>\n<meta name=\"twitter:card\" content=\"summary_large_image\" \/>\n<meta name=\"twitter:label1\" content=\"Gesch\u00e4tzte Lesezeit\" \/>\n\t<meta name=\"twitter:data1\" content=\"8\u00a0Minuten\" \/>\n<script type=\"application\/ld+json\" class=\"yoast-schema-graph\">{\"@context\":\"https:\/\/schema.org\",\"@graph\":[{\"@type\":\"WebPage\",\"@id\":\"https:\/\/www.overkiz.com\/de\/rechtliche-informationen\/\",\"url\":\"https:\/\/www.overkiz.com\/de\/rechtliche-informationen\/\",\"name\":\"Rechtliche Informationen - Overkiz\",\"isPartOf\":{\"@id\":\"https:\/\/www.overkiz.com\/#website\"},\"datePublished\":\"2018-11-07T10:05:17+00:00\",\"dateModified\":\"2024-10-25T12:30:49+00:00\",\"breadcrumb\":{\"@id\":\"https:\/\/www.overkiz.com\/de\/rechtliche-informationen\/#breadcrumb\"},\"inLanguage\":\"de\",\"potentialAction\":[{\"@type\":\"ReadAction\",\"target\":[\"https:\/\/www.overkiz.com\/de\/rechtliche-informationen\/\"]}]},{\"@type\":\"BreadcrumbList\",\"@id\":\"https:\/\/www.overkiz.com\/de\/rechtliche-informationen\/#breadcrumb\",\"itemListElement\":[{\"@type\":\"ListItem\",\"position\":1,\"name\":\"Accueil\",\"item\":\"https:\/\/www.overkiz.com\/de\/\"},{\"@type\":\"ListItem\",\"position\":2,\"name\":\"Rechtliche Informationen\"}]},{\"@type\":\"WebSite\",\"@id\":\"https:\/\/www.overkiz.com\/#website\",\"url\":\"https:\/\/www.overkiz.com\/\",\"name\":\"Overkiz\",\"description\":\"Expert en solutions IoT pour logements et b\u00e2timents connect\u00e9s\",\"publisher\":{\"@id\":\"https:\/\/www.overkiz.com\/#organization\"},\"potentialAction\":[{\"@type\":\"SearchAction\",\"target\":{\"@type\":\"EntryPoint\",\"urlTemplate\":\"https:\/\/www.overkiz.com\/?s={search_term_string}\"},\"query-input\":{\"@type\":\"PropertyValueSpecification\",\"valueRequired\":true,\"valueName\":\"search_term_string\"}}],\"inLanguage\":\"de\"},{\"@type\":\"Organization\",\"@id\":\"https:\/\/www.overkiz.com\/#organization\",\"name\":\"Overkiz\",\"url\":\"https:\/\/www.overkiz.com\/\",\"logo\":{\"@type\":\"ImageObject\",\"inLanguage\":\"de\",\"@id\":\"https:\/\/www.overkiz.com\/#\/schema\/logo\/image\/\",\"url\":\"https:\/\/www.overkiz.com\/wp-content\/uploads\/2018\/12\/OVERKIZ_VERTICAL_RVB_914e.png\",\"contentUrl\":\"https:\/\/www.overkiz.com\/wp-content\/uploads\/2018\/12\/OVERKIZ_VERTICAL_RVB_914e.png\",\"width\":2400,\"height\":1476,\"caption\":\"Overkiz\"},\"image\":{\"@id\":\"https:\/\/www.overkiz.com\/#\/schema\/logo\/image\/\"},\"sameAs\":[\"https:\/\/www.linkedin.com\/company\/overkiz\"]}]}<\/script>\n<!-- \/ Yoast SEO plugin. -->","yoast_head_json":{"title":"Rechtliche Informationen - Overkiz","robots":{"index":"index","follow":"follow","max-snippet":"max-snippet:-1","max-image-preview":"max-image-preview:large","max-video-preview":"max-video-preview:-1"},"canonical":"https:\/\/www.overkiz.com\/de\/rechtliche-informationen\/","og_locale":"de_DE","og_type":"article","og_title":"Rechtliche Informationen - Overkiz","og_description":"Rechtliche Informationen zu Overkiz Wir, OVERKIZ SAS, mit Sitz in 2a rue du Pr\u00e9 Faucon, 74940 Annecy, Frankreich, mit einem Kapital von 2.576.600 Euro, registriert unter der Nummer 501 097 760, sind die Eigent\u00fcmer dieser Website. OVERKIZ SAS ist ein","og_url":"https:\/\/www.overkiz.com\/de\/rechtliche-informationen\/","og_site_name":"Overkiz","article_modified_time":"2024-10-25T12:30:49+00:00","twitter_card":"summary_large_image","twitter_misc":{"Gesch\u00e4tzte Lesezeit":"8\u00a0Minuten"},"schema":{"@context":"https:\/\/schema.org","@graph":[{"@type":"WebPage","@id":"https:\/\/www.overkiz.com\/de\/rechtliche-informationen\/","url":"https:\/\/www.overkiz.com\/de\/rechtliche-informationen\/","name":"Rechtliche Informationen - Overkiz","isPartOf":{"@id":"https:\/\/www.overkiz.com\/#website"},"datePublished":"2018-11-07T10:05:17+00:00","dateModified":"2024-10-25T12:30:49+00:00","breadcrumb":{"@id":"https:\/\/www.overkiz.com\/de\/rechtliche-informationen\/#breadcrumb"},"inLanguage":"de","potentialAction":[{"@type":"ReadAction","target":["https:\/\/www.overkiz.com\/de\/rechtliche-informationen\/"]}]},{"@type":"BreadcrumbList","@id":"https:\/\/www.overkiz.com\/de\/rechtliche-informationen\/#breadcrumb","itemListElement":[{"@type":"ListItem","position":1,"name":"Accueil","item":"https:\/\/www.overkiz.com\/de\/"},{"@type":"ListItem","position":2,"name":"Rechtliche Informationen"}]},{"@type":"WebSite","@id":"https:\/\/www.overkiz.com\/#website","url":"https:\/\/www.overkiz.com\/","name":"Overkiz","description":"Expert en solutions IoT pour logements et b\u00e2timents connect\u00e9s","publisher":{"@id":"https:\/\/www.overkiz.com\/#organization"},"potentialAction":[{"@type":"SearchAction","target":{"@type":"EntryPoint","urlTemplate":"https:\/\/www.overkiz.com\/?s={search_term_string}"},"query-input":{"@type":"PropertyValueSpecification","valueRequired":true,"valueName":"search_term_string"}}],"inLanguage":"de"},{"@type":"Organization","@id":"https:\/\/www.overkiz.com\/#organization","name":"Overkiz","url":"https:\/\/www.overkiz.com\/","logo":{"@type":"ImageObject","inLanguage":"de","@id":"https:\/\/www.overkiz.com\/#\/schema\/logo\/image\/","url":"https:\/\/www.overkiz.com\/wp-content\/uploads\/2018\/12\/OVERKIZ_VERTICAL_RVB_914e.png","contentUrl":"https:\/\/www.overkiz.com\/wp-content\/uploads\/2018\/12\/OVERKIZ_VERTICAL_RVB_914e.png","width":2400,"height":1476,"caption":"Overkiz"},"image":{"@id":"https:\/\/www.overkiz.com\/#\/schema\/logo\/image\/"},"sameAs":["https:\/\/www.linkedin.com\/company\/overkiz"]}]}},"_links":{"self":[{"href":"https:\/\/www.overkiz.com\/de\/wp-json\/wp\/v2\/pages\/2229","targetHints":{"allow":["GET"]}}],"collection":[{"href":"https:\/\/www.overkiz.com\/de\/wp-json\/wp\/v2\/pages"}],"about":[{"href":"https:\/\/www.overkiz.com\/de\/wp-json\/wp\/v2\/types\/page"}],"author":[{"embeddable":true,"href":"https:\/\/www.overkiz.com\/de\/wp-json\/wp\/v2\/users\/3"}],"replies":[{"embeddable":true,"href":"https:\/\/www.overkiz.com\/de\/wp-json\/wp\/v2\/comments?post=2229"}],"version-history":[{"count":14,"href":"https:\/\/www.overkiz.com\/de\/wp-json\/wp\/v2\/pages\/2229\/revisions"}],"predecessor-version":[{"id":24826,"href":"https:\/\/www.overkiz.com\/de\/wp-json\/wp\/v2\/pages\/2229\/revisions\/24826"}],"wp:attachment":[{"href":"https:\/\/www.overkiz.com\/de\/wp-json\/wp\/v2\/media?parent=2229"}],"curies":[{"name":"wp","href":"https:\/\/api.w.org\/{rel}","templated":true}]}}