{"id":20023,"date":"2022-01-27T14:18:29","date_gmt":"2022-01-27T13:18:29","guid":{"rendered":"https:\/\/www.overkiz.com\/politique-de-cookies\/"},"modified":"2022-01-31T09:50:41","modified_gmt":"2022-01-31T08:50:41","slug":"politique-de-cookies","status":"publish","type":"page","link":"https:\/\/www.overkiz.com\/de\/politique-de-cookies\/","title":{"rendered":"Cookie-Richtlinie"},"content":{"rendered":"<p style=\"text-align: justify;\">Wir nutzen Cookies, damit Sie besser auf unserer Website navigieren k\u00f6nnen. Cookies sind kleine Dateien, die auf dem Computer des Benutzers gespeichert werden; sie enthalten nur begrenzt spezifische Daten mit Bezug zu bestimmten Benutzern oder Websites.<\/p>\n<h2 style=\"text-align: justify;\"><strong>Rechtsgrundlagen<\/strong><\/h2>\n<ul style=\"text-align: justify;\">\n<li>Cookies, die f\u00fcr Funktion und Sicherheit der Website erforderlich sind: Die Verarbeitung erfolgt auf Basis unseres <strong>berechtigten Interesses<\/strong>.<\/li>\n<li>Andere Arten von Cookies (Cookies von Drittanbietern und f\u00fcr Werbezwecke): Die Verarbeitung erfolgt auf Basis <strong>Ihrer Einwilligung. <\/strong><\/li>\n<\/ul>\n<h2 style=\"text-align: justify;\"><strong>Speicherdauer <\/strong><\/h2>\n<p style=\"text-align: justify;\">Standardm\u00e4\u00dfig werden Cookies wie folgt gespeichert:<\/p>\n<ul style=\"text-align: justify;\">\n<li>Werbecookies f\u00fcr 6\u00a0Monate<\/li>\n<li>Andere Cookies f\u00fcr 13\u00a0Monate<\/li>\n<\/ul>\n<p style=\"text-align: justify;\">F\u00fcr bestimmte Cookies gelten jedoch andere Speicherfristen (siehe unten stehende Tabelle).<\/p>\n<h2 style=\"text-align: justify;\"><strong>Arten genutzter Cookies<\/strong><\/h2>\n<ol style=\"text-align: justify;\">\n<li><strong>F\u00fcr die Funktion der Websites unabdingbare Cookies\u00a0<\/strong><\/li>\n<\/ol>\n<p style=\"text-align: justify;\">Diese Cookies erlauben die Nutzung der Hauptfunktionen unserer Website:<\/p>\n<ul style=\"text-align: justify;\">\n<li>Cookies zur Sicherstellung der technischen Leistung der Website<\/li>\n<li>Cookies f\u00fcr eine konsistente Navigation oder zur Personalisierung des Kundenkontos<\/li>\n<li>Cookies f\u00fcr eine bessere Navigation des Benutzers<\/li>\n<\/ul>\n<p style=\"text-align: justify;\">Diese Cookies k\u00f6nnen unter den Pr\u00e4ferenzen nicht deaktiviert werden. Sie k\u00f6nnen diese jedoch in der Konfiguration Ihres Browsers blockieren.<\/p>\n<p style=\"text-align: justify;\"><em>Ohne diese Cookies funktionieren unsere Websites allerdings nicht korrekt.<\/em><\/p>\n<ol style=\"text-align: justify;\" start=\"2\">\n<li><strong>Cookies von Drittanbietern f\u00fcr eine bessere Interaktivit\u00e4t unserer Websites<\/strong><\/li>\n<\/ol>\n<p style=\"text-align: justify;\">Unsere Website st\u00fctzt sich auf bestimmte Dienste von Drittanbietern. Diese Cookies k\u00f6nnen Sie unter den <strong><u>Pr\u00e4ferenzen<\/u><\/strong> deaktivieren.<\/p>\n<ul style=\"text-align: justify;\">\n<li>Cookies von Drittanbietern f\u00fcr die korrekte Funktion der Website<\/li>\n<li>Cookies von Drittanbietern zur Erstellung von Statistiken<\/li>\n<li>Cookies von Drittanbietern f\u00fcr Werbezwecke<\/li>\n<\/ul>\n<p style=\"text-align: justify;\">Mit Werbe-Cookies sind wir in der Lage, Ihnen auf unserer Website oder anderswo allgemein im Internet Anzeigen zu pr\u00e4sentieren, die Sie unserer Meinung nach interessieren k\u00f6nnen. Au\u00dferdem l\u00e4sst sich so begrenzen, wie oft bestimmte Anzeigen angezeigt werden, und der Erfolg von Werbekampagnen kann beurteilt werden.<\/p>\n<p style=\"text-align: justify;\"><em>Die Ablehnung von Werbe-Cookies hat keinen Einfluss auf Ihre Benutzererfahrung bei Verwendung unserer Websites. Die Ihnen pr\u00e4sentierten Werbeanzeigen werden dann jedoch nicht gesteuert (Relevanz, Wiederholung).<\/em><\/p>\n<p style=\"text-align: justify;\">Auf unserer Website k\u00f6nnen Sie \u00fcber Share-Buttons mit sozialen Netzwerken interagieren. So soll das Teilen von Inhalten erleichtert werden:<\/p>\n<ul style=\"text-align: justify;\">\n<li>Linkedin (siehe <a href=\"https:\/\/fr.linkedin.com\/legal\/user-agreement\">Nutzungsbedingungen<\/a> und <a href=\"https:\/\/fr.linkedin.com\/legal\/privacy-policy?\">Datenschutzerkl\u00e4rung<\/a>)<\/li>\n<li>Twitter (siehe <a href=\"https:\/\/twitter.com\/fr\/tos\">Nutzungsbedingungen<\/a> und <a href=\"https:\/\/twitter.com\/fr\/privacy\">Datenschutzerkl\u00e4rung<\/a>)<\/li>\n<li>Instagram (siehe <a href=\"https:\/\/help.instagram.com\/581066165581870\">Nutzungsbedingungen<\/a> und <a href=\"https:\/\/help.instagram.com\/519522125107875\">Datenschutzerkl\u00e4rung<\/a>)<\/li>\n<li>Facebook (siehe <a href=\"https:\/\/www.facebook.com\/legal\/terms\">Nutzungsbedingungen<\/a> und <a href=\"https:\/\/www.facebook.com\/about\/privacy\">Datenschutzerkl\u00e4rung<\/a>)<\/li>\n<\/ul>\n<p style=\"text-align: justify;\">\nF\u00fcr einige Videos auf der Website m\u00fcssen Cookies von Drittanbietern akzeptiert werden:<\/p>\n<ul style=\"text-align: justify;\">\n<li>Youtube-API (siehe\u00a0<a href=\"https:\/\/www.youtube.com\/t\/terms\">Nutzungsbedingungen<\/a>und\u00a0<a href=\"https:\/\/policies.google.com\/privacy\">Datenschutzerkl\u00e4rung<\/a>)<\/li>\n<\/ul>\n<p style=\"text-align: justify;\"><em>Wenn Sie Cookies von Drittanbietern ablehnen, funktionieren unsere Websites ggf. nicht optimal. <\/em><\/p>\n<p style=\"text-align: justify;\"><strong><em>Mobil-Apps<\/em><\/strong><em>:<\/em><\/p>\n<p style=\"text-align: justify;\"><em>Wir verwenden in unseren Mobil-Apps zwei Tracker als so genannten \u201elocal storage\u201c; Ziele sind eine bessere Interaktivit\u00e4t und praktische Funktionen f\u00fcr die Benutzer. Basis hierf\u00fcr ist unser <\/em><strong><em>berechtigtes Interesse. <\/em><\/strong><em>Es handelt sich um:<\/em><\/p>\n<p style=\"text-align: justify;\">\u00b7 <em>Tracker, die f\u00fcr den App-Betrieb erforderlich sind<\/em><\/p>\n<p style=\"text-align: justify;\"><em>Diese technischen Tracker erlauben die optimale Funktion der Anwendung. Sie erlauben dem Benutzer insbesondere die Nutzung der Funktionen der App, z. B. Beibehaltung der Identifizierung w\u00e4hrend der Navigation.<\/em><\/p>\n<p style=\"text-align: justify;\">\u00b7 <em>Tracker zur Personalisierung der Benutzeroberfl\u00e4che <\/em><\/p>\n<p style=\"text-align: justify;\"><em>Diese Tracker erlauben die Anpassung der App je nach verf\u00fcgbaren Ger\u00e4ten an das Profil des Benutzers. Angesichts der Tatsache, dass es sich um ein inh\u00e4rentes und erwartetes Element des Dienstes handelt, ist keine Einwilligung erforderlich.<\/em><\/p>\n<p style=\"text-align: justify;\"><strong>Die Liste der Cookies, welche untenstehend nach Zweck und Typ geordnet sind, wird regelm\u00e4\u00dfig aktualisiert (siehe Datum der letzten Aktualisierung am Ende dieser Seite). Daher k\u00f6nnen bestimmte Cookies noch nicht in dieser Liste enthalten sein.<\/strong><\/p>\n<ul>\n<li><strong>Cookies zur Sicherstellung der technischen Leistung der Website:<\/strong><\/li>\n<\/ul>\n<table width=\"100%\">\n<tbody>\n<tr style=\"border: 1px solid #dedede;\">\n<td width=\"94\"><strong>Partner<\/strong><\/td>\n<td width=\"218\"><strong>Bezeichnung des Cookies<\/strong><\/td>\n<td width=\"92\"><strong>Speicherdauer<\/strong><\/td>\n<td width=\"287\"><strong>Zweck<\/strong><\/td>\n<\/tr>\n<tr style=\"border: 1px solid #dedede;\">\n<td width=\"94\"><a href=\"https:\/\/www.cookielawinfo.com\/\">Cookie Law Info<\/a><\/td>\n<td width=\"218\">cookielawinfo-checkbox-analytics<\/td>\n<td width=\"92\">11 Monate<\/td>\n<td width=\"287\">Dieses Cookie wird durch das Plugin \u201eGDPR Cookie Consent\u201c gesetzt. Das Cookie wird verwendet, um die Einwilligung des Benutzers in Cookies der Kategorie \u201eAnalytics\u201c zu speichern.<\/td>\n<\/tr>\n<tr style=\"border: 1px solid #dedede;\">\n<td width=\"94\"><a href=\"https:\/\/www.cookielawinfo.com\/\">Cookie Law Info<\/a><\/td>\n<td width=\"218\">cookielawinfo-checkbox-necessary<\/td>\n<td width=\"92\">11 Monate<\/td>\n<td width=\"287\">Dieses Cookie wird durch das Plugin \u201eGDPR Cookie Consent\u201c gesetzt. Diese Cookies werden verwendet, um die Einwilligung des Benutzers in Cookies der Kategorie \u201eErforderlich\u201c zu speichern.<\/td>\n<\/tr>\n<tr style=\"border: 1px solid #dedede;\">\n<td width=\"94\"><a href=\"https:\/\/www.cookielawinfo.com\/\">Cookie Law Info<\/a><\/td>\n<td width=\"218\">viewed_cookie_policy<\/td>\n<td width=\"92\">11 Monate<\/td>\n<td width=\"287\">Dieses Cookie wird durch das Plugin \u201eGDPR Cookie Consent\u201c gesetzt und wird verwendet, um zu speichern, ob der Benutzer der Verwendung von Cookies zugestimmt hat. Es speichert keine personenbezogenen Daten.<\/td>\n<\/tr>\n<\/tbody>\n<\/table>\n<p>&nbsp;<\/p>\n<ul>\n<li><strong>Cookies von Drittanbietern zur Erstellung von Statistiken<\/strong><\/li>\n<\/ul>\n<table width=\"100%\">\n<tbody>\n<tr style=\"border: 1px solid #dedede;\">\n<td width=\"94\"><strong>Drittanbieter<\/strong><\/td>\n<td width=\"218\"><strong>Cookie-Typ<\/strong><\/td>\n<td width=\"92\"><strong>Link zur Datenschutzerkl\u00e4rung<\/strong><\/td>\n<td width=\"287\"><strong>Zweck<\/strong><\/td>\n<\/tr>\n<tr style=\"border: 1px solid #dedede;\">\n<td width=\"94\">Google Analytics<\/td>\n<td width=\"218\">Statistiken<\/td>\n<td width=\"92\"><a href=\"https:\/\/policies.google.com\/\">https:\/\/policies.google.com\/<\/a><\/td>\n<td width=\"287\">Google Analytics Cookies, die anonyme Nutzungsstatistiken der Website anonym verwendet werden.<\/td>\n<\/tr>\n<\/tbody>\n<\/table>\n<p>&nbsp;<\/p>\n","protected":false},"excerpt":{"rendered":"<p>Wir nutzen Cookies, damit Sie besser auf unserer Website navigieren k\u00f6nnen. Cookies sind kleine Dateien, die auf dem Computer des Benutzers gespeichert werden; sie enthalten nur begrenzt spezifische Daten mit Bezug zu bestimmten Benutzern oder Websites. Rechtsgrundlagen Cookies, die f\u00fcr<\/p>\n","protected":false},"author":3,"featured_media":0,"parent":0,"menu_order":0,"comment_status":"closed","ping_status":"closed","template":"","meta":{"_acf_changed":false,"footnotes":""},"class_list":["post-20023","page","type-page","status-publish","hentry"],"acf":[],"yoast_head":"<!-- This site is optimized with the Yoast SEO plugin v25.1 - https:\/\/yoast.com\/wordpress\/plugins\/seo\/ -->\n<title>Cookie-Richtlinie - Overkiz<\/title>\n<meta name=\"robots\" content=\"index, follow, max-snippet:-1, max-image-preview:large, max-video-preview:-1\" \/>\n<link rel=\"canonical\" href=\"https:\/\/www.overkiz.com\/de\/politique-de-cookies\/\" \/>\n<meta property=\"og:locale\" content=\"de_DE\" \/>\n<meta property=\"og:type\" content=\"article\" \/>\n<meta property=\"og:title\" content=\"Cookie-Richtlinie - Overkiz\" \/>\n<meta property=\"og:description\" content=\"Wir nutzen Cookies, damit Sie besser auf unserer Website navigieren k\u00f6nnen. Cookies sind kleine Dateien, die auf dem Computer des Benutzers gespeichert werden; sie enthalten nur begrenzt spezifische Daten mit Bezug zu bestimmten Benutzern oder Websites. Rechtsgrundlagen Cookies, die f\u00fcr\" \/>\n<meta property=\"og:url\" content=\"https:\/\/www.overkiz.com\/de\/politique-de-cookies\/\" \/>\n<meta property=\"og:site_name\" content=\"Overkiz\" \/>\n<meta property=\"article:modified_time\" content=\"2022-01-31T08:50:41+00:00\" \/>\n<meta name=\"twitter:card\" content=\"summary_large_image\" \/>\n<meta name=\"twitter:label1\" content=\"Gesch\u00e4tzte Lesezeit\" \/>\n\t<meta name=\"twitter:data1\" content=\"3\u00a0Minuten\" \/>\n<script type=\"application\/ld+json\" class=\"yoast-schema-graph\">{\"@context\":\"https:\/\/schema.org\",\"@graph\":[{\"@type\":\"WebPage\",\"@id\":\"https:\/\/www.overkiz.com\/de\/politique-de-cookies\/\",\"url\":\"https:\/\/www.overkiz.com\/de\/politique-de-cookies\/\",\"name\":\"Cookie-Richtlinie - Overkiz\",\"isPartOf\":{\"@id\":\"https:\/\/www.overkiz.com\/#website\"},\"datePublished\":\"2022-01-27T13:18:29+00:00\",\"dateModified\":\"2022-01-31T08:50:41+00:00\",\"breadcrumb\":{\"@id\":\"https:\/\/www.overkiz.com\/de\/politique-de-cookies\/#breadcrumb\"},\"inLanguage\":\"de\",\"potentialAction\":[{\"@type\":\"ReadAction\",\"target\":[\"https:\/\/www.overkiz.com\/de\/politique-de-cookies\/\"]}]},{\"@type\":\"BreadcrumbList\",\"@id\":\"https:\/\/www.overkiz.com\/de\/politique-de-cookies\/#breadcrumb\",\"itemListElement\":[{\"@type\":\"ListItem\",\"position\":1,\"name\":\"Accueil\",\"item\":\"https:\/\/www.overkiz.com\/de\/\"},{\"@type\":\"ListItem\",\"position\":2,\"name\":\"Cookie-Richtlinie\"}]},{\"@type\":\"WebSite\",\"@id\":\"https:\/\/www.overkiz.com\/#website\",\"url\":\"https:\/\/www.overkiz.com\/\",\"name\":\"Overkiz\",\"description\":\"Expert en solutions IoT pour logements et b\u00e2timents connect\u00e9s\",\"publisher\":{\"@id\":\"https:\/\/www.overkiz.com\/#organization\"},\"potentialAction\":[{\"@type\":\"SearchAction\",\"target\":{\"@type\":\"EntryPoint\",\"urlTemplate\":\"https:\/\/www.overkiz.com\/?s={search_term_string}\"},\"query-input\":{\"@type\":\"PropertyValueSpecification\",\"valueRequired\":true,\"valueName\":\"search_term_string\"}}],\"inLanguage\":\"de\"},{\"@type\":\"Organization\",\"@id\":\"https:\/\/www.overkiz.com\/#organization\",\"name\":\"Overkiz\",\"url\":\"https:\/\/www.overkiz.com\/\",\"logo\":{\"@type\":\"ImageObject\",\"inLanguage\":\"de\",\"@id\":\"https:\/\/www.overkiz.com\/#\/schema\/logo\/image\/\",\"url\":\"https:\/\/www.overkiz.com\/wp-content\/uploads\/2018\/12\/OVERKIZ_VERTICAL_RVB_914e.png\",\"contentUrl\":\"https:\/\/www.overkiz.com\/wp-content\/uploads\/2018\/12\/OVERKIZ_VERTICAL_RVB_914e.png\",\"width\":2400,\"height\":1476,\"caption\":\"Overkiz\"},\"image\":{\"@id\":\"https:\/\/www.overkiz.com\/#\/schema\/logo\/image\/\"},\"sameAs\":[\"https:\/\/www.linkedin.com\/company\/overkiz\"]}]}<\/script>\n<!-- \/ Yoast SEO plugin. -->","yoast_head_json":{"title":"Cookie-Richtlinie - Overkiz","robots":{"index":"index","follow":"follow","max-snippet":"max-snippet:-1","max-image-preview":"max-image-preview:large","max-video-preview":"max-video-preview:-1"},"canonical":"https:\/\/www.overkiz.com\/de\/politique-de-cookies\/","og_locale":"de_DE","og_type":"article","og_title":"Cookie-Richtlinie - Overkiz","og_description":"Wir nutzen Cookies, damit Sie besser auf unserer Website navigieren k\u00f6nnen. Cookies sind kleine Dateien, die auf dem Computer des Benutzers gespeichert werden; sie enthalten nur begrenzt spezifische Daten mit Bezug zu bestimmten Benutzern oder Websites. Rechtsgrundlagen Cookies, die f\u00fcr","og_url":"https:\/\/www.overkiz.com\/de\/politique-de-cookies\/","og_site_name":"Overkiz","article_modified_time":"2022-01-31T08:50:41+00:00","twitter_card":"summary_large_image","twitter_misc":{"Gesch\u00e4tzte Lesezeit":"3\u00a0Minuten"},"schema":{"@context":"https:\/\/schema.org","@graph":[{"@type":"WebPage","@id":"https:\/\/www.overkiz.com\/de\/politique-de-cookies\/","url":"https:\/\/www.overkiz.com\/de\/politique-de-cookies\/","name":"Cookie-Richtlinie - Overkiz","isPartOf":{"@id":"https:\/\/www.overkiz.com\/#website"},"datePublished":"2022-01-27T13:18:29+00:00","dateModified":"2022-01-31T08:50:41+00:00","breadcrumb":{"@id":"https:\/\/www.overkiz.com\/de\/politique-de-cookies\/#breadcrumb"},"inLanguage":"de","potentialAction":[{"@type":"ReadAction","target":["https:\/\/www.overkiz.com\/de\/politique-de-cookies\/"]}]},{"@type":"BreadcrumbList","@id":"https:\/\/www.overkiz.com\/de\/politique-de-cookies\/#breadcrumb","itemListElement":[{"@type":"ListItem","position":1,"name":"Accueil","item":"https:\/\/www.overkiz.com\/de\/"},{"@type":"ListItem","position":2,"name":"Cookie-Richtlinie"}]},{"@type":"WebSite","@id":"https:\/\/www.overkiz.com\/#website","url":"https:\/\/www.overkiz.com\/","name":"Overkiz","description":"Expert en solutions IoT pour logements et b\u00e2timents connect\u00e9s","publisher":{"@id":"https:\/\/www.overkiz.com\/#organization"},"potentialAction":[{"@type":"SearchAction","target":{"@type":"EntryPoint","urlTemplate":"https:\/\/www.overkiz.com\/?s={search_term_string}"},"query-input":{"@type":"PropertyValueSpecification","valueRequired":true,"valueName":"search_term_string"}}],"inLanguage":"de"},{"@type":"Organization","@id":"https:\/\/www.overkiz.com\/#organization","name":"Overkiz","url":"https:\/\/www.overkiz.com\/","logo":{"@type":"ImageObject","inLanguage":"de","@id":"https:\/\/www.overkiz.com\/#\/schema\/logo\/image\/","url":"https:\/\/www.overkiz.com\/wp-content\/uploads\/2018\/12\/OVERKIZ_VERTICAL_RVB_914e.png","contentUrl":"https:\/\/www.overkiz.com\/wp-content\/uploads\/2018\/12\/OVERKIZ_VERTICAL_RVB_914e.png","width":2400,"height":1476,"caption":"Overkiz"},"image":{"@id":"https:\/\/www.overkiz.com\/#\/schema\/logo\/image\/"},"sameAs":["https:\/\/www.linkedin.com\/company\/overkiz"]}]}},"_links":{"self":[{"href":"https:\/\/www.overkiz.com\/de\/wp-json\/wp\/v2\/pages\/20023","targetHints":{"allow":["GET"]}}],"collection":[{"href":"https:\/\/www.overkiz.com\/de\/wp-json\/wp\/v2\/pages"}],"about":[{"href":"https:\/\/www.overkiz.com\/de\/wp-json\/wp\/v2\/types\/page"}],"author":[{"embeddable":true,"href":"https:\/\/www.overkiz.com\/de\/wp-json\/wp\/v2\/users\/3"}],"replies":[{"embeddable":true,"href":"https:\/\/www.overkiz.com\/de\/wp-json\/wp\/v2\/comments?post=20023"}],"version-history":[{"count":3,"href":"https:\/\/www.overkiz.com\/de\/wp-json\/wp\/v2\/pages\/20023\/revisions"}],"predecessor-version":[{"id":20027,"href":"https:\/\/www.overkiz.com\/de\/wp-json\/wp\/v2\/pages\/20023\/revisions\/20027"}],"wp:attachment":[{"href":"https:\/\/www.overkiz.com\/de\/wp-json\/wp\/v2\/media?parent=20023"}],"curies":[{"name":"wp","href":"https:\/\/api.w.org\/{rel}","templated":true}]}}